{"id":15,"date":"2025-04-29T12:40:19","date_gmt":"2025-04-29T12:40:19","guid":{"rendered":"https:\/\/multipurpose26.ziptemplates.top\/?page_id=15"},"modified":"2025-05-30T16:43:56","modified_gmt":"2025-05-30T16:43:56","slug":"home-2","status":"publish","type":"page","link":"https:\/\/taiwandelivery.com\/fr\/","title":{"rendered":"Accueil"},"content":{"rendered":"<div data-elementor-type=\"wp-page\" data-elementor-id=\"15\" class=\"elementor elementor-15\" data-elementor-post-type=\"page\">\n\t\t\t\t<div class=\"elementor-element elementor-element-e09b922 e-flex e-con-boxed e-con e-parent\" data-id=\"e09b922\" data-element_type=\"container\">\n\t\t\t\t\t<div class=\"e-con-inner\">\n\t\t\t\t<div class=\"elementor-element elementor-element-17e0f08 elementor-widget elementor-widget-heading\" data-id=\"17e0f08\" data-element_type=\"widget\" data-widget_type=\"heading.default\">\n\t\t\t\t<div class=\"elementor-widget-container\">\n\t\t\t\t\t<h1 class=\"elementor-heading-title elementor-size-default\"><h1 class=\"wp-block-heading has-text-align-center has-foreground-color has-text-color\" style=\"font-family: Jost, sans-serif;font-size: 60px;font-weight: 400;letter-spacing: -0.02em;line-height: 1.15;max-width: 768px;font-style: normal;margin-left: auto !important;margin-right: auto !important\">Livraison \u00e0 Ta\u00efwan<\/h1><\/h1>\t\t\t\t<\/div>\n\t\t\t\t<\/div>\n\t\t\t\t\t<\/div>\n\t\t\t\t<\/div>\n\t\t<div class=\"elementor-element elementor-element-3e99648 e-flex e-con-boxed e-con e-parent\" data-id=\"3e99648\" data-element_type=\"container\">\n\t\t\t\t\t<div class=\"e-con-inner\">\n\t\t\t\t<div class=\"elementor-element elementor-element-4ad4ece elementor-widget elementor-widget-heading\" data-id=\"4ad4ece\" data-element_type=\"widget\" data-widget_type=\"heading.default\">\n\t\t\t\t<div class=\"elementor-widget-container\">\n\t\t\t\t\t<h2 class=\"elementor-heading-title elementor-size-default\">Il s'agit des trois principales plates-formes de livraison \u00e0 Ta\u00efwan \u00e0 l'heure actuelle, et il existe bien s\u00fbr un certain nombre de plates-formes de livraison plus petites...<\/h2>\t\t\t\t<\/div>\n\t\t\t\t<\/div>\n\t\t\t\t\t<\/div>\n\t\t\t\t<\/div>\n\t\t<div class=\"elementor-element elementor-element-0785f9e e-flex e-con-boxed e-con e-parent\" data-id=\"0785f9e\" data-element_type=\"container\">\n\t\t\t\t\t<div class=\"e-con-inner\">\n\t\t<div class=\"elementor-element elementor-element-5075d08 e-con-full e-flex e-con e-child\" data-id=\"5075d08\" data-element_type=\"container\">\n\t\t\t\t<div class=\"elementor-element elementor-element-ea39008 elementor-widget elementor-widget-image\" data-id=\"ea39008\" data-element_type=\"widget\" data-widget_type=\"image.default\">\n\t\t\t\t<div class=\"elementor-widget-container\">\n\t\t\t\t\t\t\t\t\t\t\t\t\t\t\t<img fetchpriority=\"high\" decoding=\"async\" width=\"412\" height=\"345\" src=\"https:\/\/taiwandelivery.com\/wp-content\/uploads\/2025\/05\/ubereats-\u5916\u9001\u7bb1.png\" class=\"attachment-large size-large wp-image-387\" alt=\"\" srcset=\"https:\/\/taiwandelivery.com\/wp-content\/uploads\/2025\/05\/ubereats-\u5916\u9001\u7bb1.png 412w, https:\/\/taiwandelivery.com\/wp-content\/uploads\/2025\/05\/ubereats-\u5916\u9001\u7bb1-300x251.png 300w, https:\/\/taiwandelivery.com\/wp-content\/uploads\/2025\/05\/ubereats-\u5916\u9001\u7bb1-14x12.png 14w\" sizes=\"(max-width: 412px) 100vw, 412px\" \/>\t\t\t\t\t\t\t\t\t\t\t\t\t\t\t<\/div>\n\t\t\t\t<\/div>\n\t\t\t\t<\/div>\n\t\t<div class=\"elementor-element elementor-element-3175eac e-con-full e-flex e-con e-child\" data-id=\"3175eac\" data-element_type=\"container\">\n\t\t\t\t<div class=\"elementor-element elementor-element-2afe996 elementor-widget elementor-widget-image\" data-id=\"2afe996\" data-element_type=\"widget\" data-widget_type=\"image.default\">\n\t\t\t\t<div class=\"elementor-widget-container\">\n\t\t\t\t\t\t\t\t\t\t\t\t\t\t\t<img decoding=\"async\" width=\"768\" height=\"631\" src=\"https:\/\/taiwandelivery.com\/wp-content\/uploads\/2025\/05\/\u718a\u8c93\u5916\u9001\u7bb1-768x631-1.jpg\" class=\"attachment-large size-large wp-image-389\" alt=\"\" srcset=\"https:\/\/taiwandelivery.com\/wp-content\/uploads\/2025\/05\/\u718a\u8c93\u5916\u9001\u7bb1-768x631-1.jpg 768w, https:\/\/taiwandelivery.com\/wp-content\/uploads\/2025\/05\/\u718a\u8c93\u5916\u9001\u7bb1-768x631-1-600x493.jpg 600w, https:\/\/taiwandelivery.com\/wp-content\/uploads\/2025\/05\/\u718a\u8c93\u5916\u9001\u7bb1-768x631-1-300x246.jpg 300w, https:\/\/taiwandelivery.com\/wp-content\/uploads\/2025\/05\/\u718a\u8c93\u5916\u9001\u7bb1-768x631-1-15x12.jpg 15w\" sizes=\"(max-width: 768px) 100vw, 768px\" \/>\t\t\t\t\t\t\t\t\t\t\t\t\t\t\t<\/div>\n\t\t\t\t<\/div>\n\t\t\t\t<\/div>\n\t\t<div class=\"elementor-element elementor-element-4a02be5 e-con-full e-flex e-con e-child\" data-id=\"4a02be5\" data-element_type=\"container\">\n\t\t\t\t<div class=\"elementor-element elementor-element-c87495b elementor-widget elementor-widget-image\" data-id=\"c87495b\" data-element_type=\"widget\" data-widget_type=\"image.default\">\n\t\t\t\t<div class=\"elementor-widget-container\">\n\t\t\t\t\t\t\t\t\t\t\t\t\t\t\t<img decoding=\"async\" width=\"768\" height=\"529\" src=\"https:\/\/taiwandelivery.com\/wp-content\/uploads\/2025\/05\/\u62c9\u62c9\u5916\u9001\u7bb1-768x529-1.png\" class=\"attachment-large size-large wp-image-388\" alt=\"\" srcset=\"https:\/\/taiwandelivery.com\/wp-content\/uploads\/2025\/05\/\u62c9\u62c9\u5916\u9001\u7bb1-768x529-1.png 768w, https:\/\/taiwandelivery.com\/wp-content\/uploads\/2025\/05\/\u62c9\u62c9\u5916\u9001\u7bb1-768x529-1-600x413.png 600w, https:\/\/taiwandelivery.com\/wp-content\/uploads\/2025\/05\/\u62c9\u62c9\u5916\u9001\u7bb1-768x529-1-300x207.png 300w, https:\/\/taiwandelivery.com\/wp-content\/uploads\/2025\/05\/\u62c9\u62c9\u5916\u9001\u7bb1-768x529-1-18x12.png 18w\" sizes=\"(max-width: 768px) 100vw, 768px\" \/>\t\t\t\t\t\t\t\t\t\t\t\t\t\t\t<\/div>\n\t\t\t\t<\/div>\n\t\t\t\t<\/div>\n\t\t<div class=\"elementor-element elementor-element-2b85eea e-con-full e-flex e-con e-child\" data-id=\"2b85eea\" data-element_type=\"container\">\n\t\t\t\t<div class=\"elementor-element elementor-element-7c91c7b elementor-widget elementor-widget-text-editor\" data-id=\"7c91c7b\" data-element_type=\"widget\" data-widget_type=\"text-editor.default\">\n\t\t\t\t<div class=\"elementor-widget-container\">\n\t\t\t\t\t\t\t\t\t<h4 data-start=\"72\" data-end=\"159\"><span style=\"text-decoration: underline;\"><strong>Uber mange<\/strong><\/span><\/h4>\n<p data-start=\"72\" data-end=\"159\">Elle est \u00e9galement connue sous les noms de \"Ng Pak Ngai\" et \"581\", affirmant qu'elle est (cens\u00e9e \u00eatre) enti\u00e8rement command\u00e9e. L'entreprise se concentre principalement sur la livraison de nourriture et de boissons, et coop\u00e8re avec de nombreux restaurants pour offrir une vari\u00e9t\u00e9 d'options et de services de livraison rapides. Anciennement connue sous le nom d'Uber Taxi, elle dispose de son propre syst\u00e8me de navigation et est l'une des principales plateformes de livraison \u00e0 Ta\u00efwan.<\/p>\n<ul data-start=\"161\" data-end=\"254\">\n<li data-start=\"161\" data-end=\"213\">\n<p data-start=\"163\" data-end=\"172\"><strong data-start=\"163\" data-end=\"170\">Avantages :<\/strong><\/p>\n<ul data-start=\"175\" data-end=\"213\">\n<li data-start=\"175\" data-end=\"191\">\n<p data-start=\"177\" data-end=\"191\">L'accent est mis sur la libert\u00e9 de commande et la grande flexibilit\u00e9 de la commande.<\/p>\n<\/li>\n<li data-start=\"194\" data-end=\"213\">\n<p data-start=\"196\" data-end=\"213\">Moins de d\u00e9placements requis, plus facile pour les livreurs d\u00e9butants<\/p>\n<\/li>\n<\/ul>\n<\/li>\n<li data-start=\"214\" data-end=\"254\">\n<p data-start=\"216\" data-end=\"225\"><strong data-start=\"216\" data-end=\"223\">Inconv\u00e9nients :<\/strong><\/p>\n<ul data-start=\"228\" data-end=\"254\">\n<li data-start=\"228\" data-end=\"238\">\n<p data-start=\"230\" data-end=\"238\">Difficult\u00e9 \u00e0 contacter le service client\u00e8le<\/p>\n<\/li>\n<li data-start=\"241\" data-end=\"254\">\n<p data-start=\"243\" data-end=\"254\">Distance pour la prise de commande, facilit\u00e9 de franchissement des districts<\/p>\n<\/li>\n<\/ul>\n<\/li>\n<\/ul>\t\t\t\t\t\t\t\t<\/div>\n\t\t\t\t<\/div>\n\t\t\t\t<\/div>\n\t\t<div class=\"elementor-element elementor-element-c0b5a14 e-con-full e-flex e-con e-child\" data-id=\"c0b5a14\" data-element_type=\"container\">\n\t\t\t\t<div class=\"elementor-element elementor-element-565181f elementor-widget elementor-widget-text-editor\" data-id=\"565181f\" data-element_type=\"widget\" data-widget_type=\"text-editor.default\">\n\t\t\t\t<div class=\"elementor-widget-container\">\n\t\t\t\t\t\t\t\t\t<h4 data-start=\"280\" data-end=\"362\"><span style=\"text-decoration: underline;\"><strong>foodpanada<\/strong><\/span><\/h4>\n<p data-start=\"280\" data-end=\"362\">\u00c9galement connue sous le nom de panda go, elle fournit des services de livraison de restaurants et de produits d'\u00e9picerie. Elle d\u00e9tient la plus grande part de march\u00e9 des plates-formes de livraison \u00e0 Ta\u00efwan et lance souvent des programmes de livraison \u00e0 la caisse instantan\u00e9e, avec des tarifs pr\u00e9f\u00e9rentiels et sans p\u00e9nalit\u00e9. Elle dispose \u00e9galement de la fonction de logistique et de distribution de panda go, mais le taux d'utilisation n'est pas \u00e9lev\u00e9.<\/p>\n<ul data-start=\"364\" data-end=\"471\">\n<li data-start=\"364\" data-end=\"420\">\n<p data-start=\"366\" data-end=\"375\"><strong data-start=\"366\" data-end=\"373\">Avantages :<\/strong><\/p>\n<ul data-start=\"378\" data-end=\"420\">\n<li data-start=\"378\" data-end=\"396\">\n<p data-start=\"380\" data-end=\"396\">Singularit\u00e9 dense et concentration r\u00e9gionale, moins de transversalit\u00e9<\/p>\n<\/li>\n<li data-start=\"399\" data-end=\"420\">\n<p data-start=\"401\" data-end=\"420\">Il y a plus d'unit\u00e9s dans le sud.<\/p>\n<\/li>\n<\/ul>\n<\/li>\n<li data-start=\"421\" data-end=\"471\">\n<p data-start=\"423\" data-end=\"432\"><strong data-start=\"423\" data-end=\"430\">Inconv\u00e9nients :<\/strong><\/p>\n<ul data-start=\"435\" data-end=\"471\">\n<li data-start=\"435\" data-end=\"447\">\n<p data-start=\"437\" data-end=\"447\">Restrictions strictes en mati\u00e8re d'encaissement<\/p>\n<\/li>\n<li data-start=\"450\" data-end=\"471\">\n<p data-start=\"452\" data-end=\"471\">Le fait de demander \u00e0 un livreur de livrer \u00e0 l'\u00e9tage augmente le risque de se perdre.<\/p>\n<\/li>\n<\/ul>\n<\/li>\n<\/ul>\t\t\t\t\t\t\t\t<\/div>\n\t\t\t\t<\/div>\n\t\t\t\t<\/div>\n\t\t<div class=\"elementor-element elementor-element-db539a6 e-con-full e-flex e-con e-child\" data-id=\"db539a6\" data-element_type=\"container\">\n\t\t\t\t<div class=\"elementor-element elementor-element-5139e51 elementor-widget elementor-widget-text-editor\" data-id=\"5139e51\" data-element_type=\"widget\" data-widget_type=\"text-editor.default\">\n\t\t\t\t<div class=\"elementor-widget-container\">\n\t\t\t\t\t\t\t\t\t<h4 data-start=\"497\" data-end=\"567\"><span style=\"text-decoration: underline;\"><strong>LALAMOVE<\/strong><\/span><\/h4>\n<p data-start=\"497\" data-end=\"567\">\u00c9galement connue sous le nom de Lala Move, elle se concentre sur la logistique et la distribution en temps r\u00e9el et convient aux utilisateurs professionnels et aux particuliers pour l'envoi de documents, de colis et d'articles volumineux. Elle propose un large \u00e9ventail de mod\u00e8les de livraison et de m\u00e9canismes de mise en relation en temps r\u00e9el, se positionnant ainsi sur le march\u00e9 de la logistique \u00e0 haute efficacit\u00e9.<\/p>\n<ul data-start=\"569\" data-end=\"681\">\n<li data-start=\"569\" data-end=\"627\">\n<p data-start=\"571\" data-end=\"580\"><strong data-start=\"571\" data-end=\"578\">Avantages :<\/strong><\/p>\n<ul data-start=\"583\" data-end=\"627\">\n<li data-start=\"583\" data-end=\"603\">\n<p data-start=\"585\" data-end=\"603\">Articles illimit\u00e9s, soutien \u00e0 la logistique commerciale et au transport personnel<\/p>\n<\/li>\n<li data-start=\"606\" data-end=\"627\">\n<p data-start=\"608\" data-end=\"627\">Convient aux propri\u00e9taires de camionnettes pour prendre des commandes de grande valeur<\/p>\n<\/li>\n<\/ul>\n<\/li>\n<li data-start=\"628\" data-end=\"681\">\n<p data-start=\"630\" data-end=\"639\"><strong data-start=\"630\" data-end=\"637\">Inconv\u00e9nients :<\/strong><\/p>\n<ul data-start=\"642\" data-end=\"681\">\n<li data-start=\"642\" data-end=\"661\">\n<p data-start=\"644\" data-end=\"661\">Relativement peu adapt\u00e9 \u00e0 ceux qui n'ont pas de voiture, car le seuil d'entr\u00e9e est relativement \u00e9lev\u00e9.<\/p>\n<\/li>\n<li data-start=\"664\" data-end=\"681\">\n<p data-start=\"666\" data-end=\"681\">L'orientation vers la restauration n'est pas la m\u00eame que pour les livraisons quotidiennes<\/p>\n<\/li>\n<\/ul>\n<\/li>\n<\/ul>\t\t\t\t\t\t\t\t<\/div>\n\t\t\t\t<\/div>\n\t\t\t\t<\/div>\n\t\t\t\t\t<\/div>\n\t\t\t\t<\/div>\n\t\t<div class=\"elementor-element elementor-element-33bb3e0 e-flex e-con-boxed e-con e-parent\" data-id=\"33bb3e0\" data-element_type=\"container\">\n\t\t\t\t\t<div class=\"e-con-inner\">\n\t\t\t\t<div class=\"elementor-element elementor-element-a41c225 elementor-widget-divider--view-line elementor-widget elementor-widget-divider\" data-id=\"a41c225\" data-element_type=\"widget\" data-widget_type=\"divider.default\">\n\t\t\t\t<div class=\"elementor-widget-container\">\n\t\t\t\t\t\t\t<div class=\"elementor-divider\">\n\t\t\t<span class=\"elementor-divider-separator\">\n\t\t\t\t\t\t<\/span>\n\t\t<\/div>\n\t\t\t\t\t\t<\/div>\n\t\t\t\t<\/div>\n\t\t\t\t\t<\/div>\n\t\t\t\t<\/div>\n\t\t<div class=\"elementor-element elementor-element-47a3f31 e-flex e-con-boxed e-con e-parent\" data-id=\"47a3f31\" data-element_type=\"container\">\n\t\t\t\t\t<div class=\"e-con-inner\">\n\t\t\t\t<div class=\"elementor-element elementor-element-ba94e59 elementor-widget elementor-widget-text-editor\" data-id=\"ba94e59\" data-element_type=\"widget\" data-widget_type=\"text-editor.default\">\n\t\t\t\t<div class=\"elementor-widget-container\">\n\t\t\t\t\t\t\t\t\t<h3><span style=\"text-decoration: underline;\"><strong>En outre...<\/strong><\/span><\/h3>\n<p><span style=\"font-weight: 400;\">Il existe \u00e9galement des plateformes plus petites, Snail Delivery, Yauwoo Delivery, Foodomo, Shrimp Skin Gourmet Delivery, Shrimp Skin Shop to House, Street Delivery, et m\u00eame Kupang qui fait son entr\u00e9e sur le march\u00e9 ta\u00efwanais, mais les deux principales restent 581 et Panda.<\/span><\/p>\n<p><span style=\"font-weight: 400;\">La possibilit\u00e9 d'obtenir ce que l'on veut sans avoir \u00e0 sortir de chez soi est lentement devenue une tendance, et il existe des groupes sp\u00e9ciaux o\u00f9 les magasins recrutent soudainement des personnes pour les aider \u00e0 livrer quelques commandes pour environ 100~1000 par unit\u00e9, et il est de plus en plus courant de demander \u00e0 des sp\u00e9cialistes de vous aider dans des situations g\u00eanantes ou dans des situations o\u00f9 vous ne voulez pas sortir de chez vous.<\/span><\/p>\t\t\t\t\t\t\t\t<\/div>\n\t\t\t\t<\/div>\n\t\t\t\t\t<\/div>\n\t\t\t\t<\/div>\n\t\t\t\t<\/div>","protected":false},"excerpt":{"rendered":"<p>Livraison \u00e0 Ta\u00efwan Introduction Il s'agit actuellement de la troisi\u00e8me livraison la plus importante de Ta\u00efwan, et bien s\u00fbr [...]<\/p>","protected":false},"author":3,"featured_media":0,"parent":0,"menu_order":0,"comment_status":"closed","ping_status":"closed","template":"","meta":{"_uag_custom_page_level_css":"","site-sidebar-layout":"default","site-content-layout":"","ast-site-content-layout":"default","site-content-style":"default","site-sidebar-style":"default","ast-global-header-display":"","ast-banner-title-visibility":"","ast-main-header-display":"","ast-hfb-above-header-display":"","ast-hfb-below-header-display":"","ast-hfb-mobile-header-display":"","site-post-title":"disabled","ast-breadcrumbs-content":"","ast-featured-img":"","footer-sml-layout":"","ast-disable-related-posts":"","theme-transparent-header-meta":"","adv-header-id-meta":"","stick-header-meta":"","header-above-stick-meta":"","header-main-stick-meta":"","header-below-stick-meta":"","astra-migrate-meta-layouts":"default","ast-page-background-enabled":"default","ast-page-background-meta":{"desktop":{"background-color":"var(--ast-global-color-4)","background-image":"","background-repeat":"repeat","background-position":"center center","background-size":"auto","background-attachment":"scroll","background-type":"","background-media":"","overlay-type":"","overlay-color":"","overlay-opacity":"","overlay-gradient":""},"tablet":{"background-color":"","background-image":"","background-repeat":"repeat","background-position":"center center","background-size":"auto","background-attachment":"scroll","background-type":"","background-media":"","overlay-type":"","overlay-color":"","overlay-opacity":"","overlay-gradient":""},"mobile":{"background-color":"","background-image":"","background-repeat":"repeat","background-position":"center center","background-size":"auto","background-attachment":"scroll","background-type":"","background-media":"","overlay-type":"","overlay-color":"","overlay-opacity":"","overlay-gradient":""}},"ast-content-background-meta":{"desktop":{"background-color":"var(--ast-global-color-5)","background-image":"","background-repeat":"repeat","background-position":"center center","background-size":"auto","background-attachment":"scroll","background-type":"","background-media":"","overlay-type":"","overlay-color":"","overlay-opacity":"","overlay-gradient":""},"tablet":{"background-color":"var(--ast-global-color-5)","background-image":"","background-repeat":"repeat","background-position":"center center","background-size":"auto","background-attachment":"scroll","background-type":"","background-media":"","overlay-type":"","overlay-color":"","overlay-opacity":"","overlay-gradient":""},"mobile":{"background-color":"var(--ast-global-color-5)","background-image":"","background-repeat":"repeat","background-position":"center center","background-size":"auto","background-attachment":"scroll","background-type":"","background-media":"","overlay-type":"","overlay-color":"","overlay-opacity":"","overlay-gradient":""}},"footnotes":""},"class_list":["post-15","page","type-page","status-publish","hentry"],"uagb_featured_image_src":{"full":false,"thumbnail":false,"medium":false,"medium_large":false,"large":false,"1536x1536":false,"2048x2048":false,"trp-custom-language-flag":false,"woocommerce_thumbnail":false,"woocommerce_single":false,"woocommerce_gallery_thumbnail":false},"uagb_author_info":{"display_name":"\u98ef\u7cf0","author_link":"https:\/\/taiwandelivery.com\/fr\/author\/7doio1cmzwde\/"},"uagb_comment_info":0,"uagb_excerpt":"\u53f0\u7063\u5916\u9001\u4ecb\u7d39 \u9019\u662f\u76ee\u524d\u53f0\u7063\u4e09\u5927\u5916\u9001\uff0c\u7576\u7136 [&hellip;]","_links":{"self":[{"href":"https:\/\/taiwandelivery.com\/fr\/wp-json\/wp\/v2\/pages\/15","targetHints":{"allow":["GET"]}}],"collection":[{"href":"https:\/\/taiwandelivery.com\/fr\/wp-json\/wp\/v2\/pages"}],"about":[{"href":"https:\/\/taiwandelivery.com\/fr\/wp-json\/wp\/v2\/types\/page"}],"author":[{"embeddable":true,"href":"https:\/\/taiwandelivery.com\/fr\/wp-json\/wp\/v2\/users\/3"}],"replies":[{"embeddable":true,"href":"https:\/\/taiwandelivery.com\/fr\/wp-json\/wp\/v2\/comments?post=15"}],"version-history":[{"count":8,"href":"https:\/\/taiwandelivery.com\/fr\/wp-json\/wp\/v2\/pages\/15\/revisions"}],"predecessor-version":[{"id":431,"href":"https:\/\/taiwandelivery.com\/fr\/wp-json\/wp\/v2\/pages\/15\/revisions\/431"}],"wp:attachment":[{"href":"https:\/\/taiwandelivery.com\/fr\/wp-json\/wp\/v2\/media?parent=15"}],"curies":[{"name":"wp","href":"https:\/\/api.w.org\/{rel}","templated":true}]}}