{"id":16,"date":"2025-04-29T12:40:20","date_gmt":"2025-04-29T12:40:20","guid":{"rendered":"https:\/\/multipurpose26.ziptemplates.top\/?page_id=16"},"modified":"2025-05-30T15:51:54","modified_gmt":"2025-05-30T15:51:54","slug":"a-propos-de","status":"publish","type":"page","link":"https:\/\/taiwandelivery.com\/fr\/a-propos-de\/","title":{"rendered":"About"},"content":{"rendered":"<div data-elementor-type=\"wp-page\" data-elementor-id=\"16\" class=\"elementor elementor-16\" data-elementor-post-type=\"page\">\n\t\t\t\t<div class=\"elementor-element elementor-element-319476a e-flex e-con-boxed e-con e-parent\" data-id=\"319476a\" data-element_type=\"container\">\n\t\t\t\t\t<div class=\"e-con-inner\">\n\t\t\t\t<div class=\"elementor-element elementor-element-221d624 elementor-widget elementor-widget-heading\" data-id=\"221d624\" data-element_type=\"widget\" data-widget_type=\"heading.default\">\n\t\t\t\t<div class=\"elementor-widget-container\">\n\t\t\t\t\t<h2 class=\"elementor-heading-title elementor-size-default\">A propos de la p\u00e2te de livraison<\/h2>\t\t\t\t<\/div>\n\t\t\t\t<\/div>\n\t\t\t\t\t<\/div>\n\t\t\t\t<\/div>\n\t\t<div class=\"elementor-element elementor-element-3b64c91 e-flex e-con-boxed e-con e-parent\" data-id=\"3b64c91\" data-element_type=\"container\">\n\t\t\t\t\t<div class=\"e-con-inner\">\n\t\t<div class=\"elementor-element elementor-element-311d813 e-con-full e-flex e-con e-child\" data-id=\"311d813\" data-element_type=\"container\">\n\t\t\t\t<div class=\"elementor-element elementor-element-6732c50 elementor-widget elementor-widget-image\" data-id=\"6732c50\" data-element_type=\"widget\" data-widget_type=\"image.default\">\n\t\t\t\t<div class=\"elementor-widget-container\">\n\t\t\t\t\t\t\t\t\t\t\t\t\t\t\t<img fetchpriority=\"high\" decoding=\"async\" width=\"1024\" height=\"1024\" src=\"https:\/\/taiwandelivery.com\/wp-content\/uploads\/2025\/05\/\u5361\u901a\u5927\u982d.png\" class=\"attachment-large size-large wp-image-377\" alt=\"\" srcset=\"https:\/\/taiwandelivery.com\/wp-content\/uploads\/2025\/05\/\u5361\u901a\u5927\u982d.png 1024w, https:\/\/taiwandelivery.com\/wp-content\/uploads\/2025\/05\/\u5361\u901a\u5927\u982d-300x300.png 300w, https:\/\/taiwandelivery.com\/wp-content\/uploads\/2025\/05\/\u5361\u901a\u5927\u982d-100x100.png 100w, https:\/\/taiwandelivery.com\/wp-content\/uploads\/2025\/05\/\u5361\u901a\u5927\u982d-600x600.png 600w, https:\/\/taiwandelivery.com\/wp-content\/uploads\/2025\/05\/\u5361\u901a\u5927\u982d-150x150.png 150w, https:\/\/taiwandelivery.com\/wp-content\/uploads\/2025\/05\/\u5361\u901a\u5927\u982d-768x768.png 768w, https:\/\/taiwandelivery.com\/wp-content\/uploads\/2025\/05\/\u5361\u901a\u5927\u982d-12x12.png 12w\" sizes=\"(max-width: 1024px) 100vw, 1024px\" \/>\t\t\t\t\t\t\t\t\t\t\t\t\t\t\t<\/div>\n\t\t\t\t<\/div>\n\t\t\t\t<\/div>\n\t\t<div class=\"elementor-element elementor-element-82eb951 e-con-full e-flex e-con e-child\" data-id=\"82eb951\" data-element_type=\"container\">\n\t\t\t\t<div class=\"elementor-element elementor-element-8fbac9c elementor-drop-cap-yes elementor-drop-cap-view-default elementor-widget elementor-widget-text-editor\" data-id=\"8fbac9c\" data-element_type=\"widget\" data-settings=\"{&quot;drop_cap&quot;:&quot;yes&quot;}\" data-widget_type=\"text-editor.default\">\n\t\t\t\t<div class=\"elementor-widget-container\">\n\t\t\t\t\t\t\t\t\t<p><span style=\"font-weight: 400;\">Un ing\u00e9nieur toujours malchanceux, dans la p\u00e9riode de l'\u00e9pid\u00e9mie de 2020 de la pression \u00e9conomique a commenc\u00e9 \u00e0 courir la livraison, en raison de l'aversion du salaire de Ta\u00efwan, toujours vouloir courir \u00e0 l'\u00e9tranger, donc il n'est pas trop bon de courir pour faire un travail r\u00e9gulier pour retarder les entreprises des gens.<\/span><\/p>\n<p><span style=\"font-weight: 400;\">Apr\u00e8s un nouveau d\u00e9part frustrant en tant qu'ing\u00e9nieur \u00e0 Ta\u00efwan en 2024, il m'est venu \u00e0 l'esprit que je pouvais toujours cr\u00e9er un site web et \u00e9crire celui-ci en tant que blog dans l'intervalle.<\/span><\/p>\n<p><span style=\"font-weight: 400;\">L'intention \u00e9tait de gagner les 1500 euros de frais de r\u00e9f\u00e9rence pour uber eats\/panda, mais plus j'\u00e9crivais, plus c'\u00e9tait difficile d'\u00e9crire (<\/span><span style=\"font-weight: 400;\">(D\u00e9sesp\u00e9r\u00e9)<\/span><span style=\"font-weight: 400;\">Le nombre de posts se plaignant est bien plus important que le nombre de posts recommandant l'adh\u00e9sion. Au lieu de cela, je vais \u00e9crire un blog sur tout et n'importe quoi, voir si je peux faire de la publicit\u00e9 pour payer le site, et montrer mes comp\u00e9tences techniques pour voir si je peux trouver un emploi d\u00e9cent.<\/span><\/p>\n<p><span style=\"font-weight: 400;\">La section sur l'IA a \u00e9t\u00e9 con\u00e7ue pour aider les gens \u00e0 comprendre l'accouchement (<\/span><span style=\"font-weight: 400;\">(laisser le personnel du service client\u00e8le perdre son emploi)<\/span><span style=\"font-weight: 400;\">Bien qu'il soit encore en construction, j'ai trouv\u00e9 que ce site Web avait une tr\u00e8s bonne fonction d'enregistrement d'\u00e9v\u00e9nements et d'informations. Mais j'ai trouv\u00e9 que ce site avait une tr\u00e8s bonne fonction d'enregistrement, je peux mettre certains \u00e9v\u00e9nements, des informations sont \u00e9crites ici. Ainsi, lorsque je veux raconter certaines choses \u00e0 d'autres, je n'ai pas besoin de commencer par le d\u00e9but. Je n'ai pas besoin de commencer par le d\u00e9but, il me suffit d'\u00e9crire un bon article pour lancer l'URL.<\/span><span style=\"font-weight: 400;\">Je peux \u00e9galement faire de la publicit\u00e9 pour mon site web sur le c\u00f4t\u00e9 !<\/span><\/p>\n<p><span style=\"font-weight: 400;\">Le hobby et le d\u00e9sir est de conqu\u00e9rir le monde, de lire beaucoup de livres, de vouloir r\u00e9ellement aller voir le monde d\u00e9crit dans les livres, le prochain arr\u00eat est le Canada, donc ce c\u00f4t\u00e9 de la livraison de Ta\u00efwan est complet, le prochain appara\u00eetra est la livraison canadienne de l'introduction du site, il peut y avoir la premi\u00e8re sortie d'un blog de voyage, apr\u00e8s tout, j'ai voyag\u00e9 dans plus de 30 pays, je peux \u00e9crire est vraiment beaucoup trop....<\/span><\/p>\t\t\t\t\t\t\t\t<\/div>\n\t\t\t\t<\/div>\n\t\t\t\t<\/div>\n\t\t\t\t\t<\/div>\n\t\t\t\t<\/div>\n\t\t\t\t<\/div>","protected":false},"excerpt":{"rendered":"<p>\u95dc\u65bc\u5916\u9001\u7cf0 \u4e00\u500b\u7e3d\u662f\u5012\u6963\u7684\u5de5\u7a0b\u5e2b\uff0c\u572820 [&hellip;]<\/p>","protected":false},"author":3,"featured_media":0,"parent":0,"menu_order":0,"comment_status":"closed","ping_status":"closed","template":"","meta":{"_uag_custom_page_level_css":"","site-sidebar-layout":"default","site-content-layout":"","ast-site-content-layout":"default","site-content-style":"default","site-sidebar-style":"default","ast-global-header-display":"","ast-banner-title-visibility":"","ast-main-header-display":"","ast-hfb-above-header-display":"","ast-hfb-below-header-display":"","ast-hfb-mobile-header-display":"","site-post-title":"disabled","ast-breadcrumbs-content":"","ast-featured-img":"","footer-sml-layout":"","ast-disable-related-posts":"","theme-transparent-header-meta":"","adv-header-id-meta":"","stick-header-meta":"","header-above-stick-meta":"","header-main-stick-meta":"","header-below-stick-meta":"","astra-migrate-meta-layouts":"default","ast-page-background-enabled":"default","ast-page-background-meta":{"desktop":{"background-color":"var(--ast-global-color-4)","background-image":"","background-repeat":"repeat","background-position":"center center","background-size":"auto","background-attachment":"scroll","background-type":"","background-media":"","overlay-type":"","overlay-color":"","overlay-opacity":"","overlay-gradient":""},"tablet":{"background-color":"","background-image":"","background-repeat":"repeat","background-position":"center center","background-size":"auto","background-attachment":"scroll","background-type":"","background-media":"","overlay-type":"","overlay-color":"","overlay-opacity":"","overlay-gradient":""},"mobile":{"background-color":"","background-image":"","background-repeat":"repeat","background-position":"center center","background-size":"auto","background-attachment":"scroll","background-type":"","background-media":"","overlay-type":"","overlay-color":"","overlay-opacity":"","overlay-gradient":""}},"ast-content-background-meta":{"desktop":{"background-color":"var(--ast-global-color-5)","background-image":"","background-repeat":"repeat","background-position":"center center","background-size":"auto","background-attachment":"scroll","background-type":"","background-media":"","overlay-type":"","overlay-color":"","overlay-opacity":"","overlay-gradient":""},"tablet":{"background-color":"var(--ast-global-color-5)","background-image":"","background-repeat":"repeat","background-position":"center center","background-size":"auto","background-attachment":"scroll","background-type":"","background-media":"","overlay-type":"","overlay-color":"","overlay-opacity":"","overlay-gradient":""},"mobile":{"background-color":"var(--ast-global-color-5)","background-image":"","background-repeat":"repeat","background-position":"center center","background-size":"auto","background-attachment":"scroll","background-type":"","background-media":"","overlay-type":"","overlay-color":"","overlay-opacity":"","overlay-gradient":""}},"footnotes":""},"class_list":["post-16","page","type-page","status-publish","hentry"],"uagb_featured_image_src":{"full":false,"thumbnail":false,"medium":false,"medium_large":false,"large":false,"1536x1536":false,"2048x2048":false,"trp-custom-language-flag":false,"woocommerce_thumbnail":false,"woocommerce_single":false,"woocommerce_gallery_thumbnail":false},"uagb_author_info":{"display_name":"\u98ef\u7cf0","author_link":"https:\/\/taiwandelivery.com\/fr\/author\/7doio1cmzwde\/"},"uagb_comment_info":0,"uagb_excerpt":"\u95dc\u65bc\u5916\u9001\u7cf0 \u4e00\u500b\u7e3d\u662f\u5012\u6963\u7684\u5de5\u7a0b\u5e2b\uff0c\u572820 [&hellip;]","_links":{"self":[{"href":"https:\/\/taiwandelivery.com\/fr\/wp-json\/wp\/v2\/pages\/16","targetHints":{"allow":["GET"]}}],"collection":[{"href":"https:\/\/taiwandelivery.com\/fr\/wp-json\/wp\/v2\/pages"}],"about":[{"href":"https:\/\/taiwandelivery.com\/fr\/wp-json\/wp\/v2\/types\/page"}],"author":[{"embeddable":true,"href":"https:\/\/taiwandelivery.com\/fr\/wp-json\/wp\/v2\/users\/3"}],"replies":[{"embeddable":true,"href":"https:\/\/taiwandelivery.com\/fr\/wp-json\/wp\/v2\/comments?post=16"}],"version-history":[{"count":10,"href":"https:\/\/taiwandelivery.com\/fr\/wp-json\/wp\/v2\/pages\/16\/revisions"}],"predecessor-version":[{"id":386,"href":"https:\/\/taiwandelivery.com\/fr\/wp-json\/wp\/v2\/pages\/16\/revisions\/386"}],"wp:attachment":[{"href":"https:\/\/taiwandelivery.com\/fr\/wp-json\/wp\/v2\/media?parent=16"}],"curies":[{"name":"wp","href":"https:\/\/api.w.org\/{rel}","templated":true}]}}